{"id":59,"date":"2016-05-14T12:19:42","date_gmt":"2016-05-14T12:19:42","guid":{"rendered":"http:\/\/wp.holzbau-stegmaier.de\/?page_id=59"},"modified":"2019-02-10T20:18:04","modified_gmt":"2019-02-10T20:18:04","slug":"ueber-uns","status":"publish","type":"page","link":"http:\/\/holzbau-stegmaier.de\/?page_id=59","title":{"rendered":""},"content":{"rendered":"<p>Seit&nbsp;der Gr\u00fcndung am 01. September <strong>1991<\/strong>, steht Holzbau Stegmaier f\u00fcr&nbsp;Qualit\u00e4t&nbsp;auf den D\u00e4chern der Region und dar\u00fcber hinaus.<\/p>\n<p><img decoding=\"async\" loading=\"lazy\" class=\"alignnone wp-image-46\" src=\"http:\/\/wp.holzbau-stegmaier.de\/wp-content\/uploads\/2016\/05\/Bild_Holzbau_Stegmaier_wws11-1024x396.jpg\" alt=\"Bild_Holzbau_Stegmaier_wws11\" width=\"946\" height=\"367\" srcset=\"http:\/\/holzbau-stegmaier.de\/wp-content\/uploads\/2016\/05\/Bild_Holzbau_Stegmaier_wws11-1024x396.jpg 1024w, http:\/\/holzbau-stegmaier.de\/wp-content\/uploads\/2016\/05\/Bild_Holzbau_Stegmaier_wws11-300x116.jpg 300w, http:\/\/holzbau-stegmaier.de\/wp-content\/uploads\/2016\/05\/Bild_Holzbau_Stegmaier_wws11-768x297.jpg 768w\" sizes=\"(max-width: 946px) 100vw, 946px\" \/><\/p>\n<p>Egal ob kleine Reparaturarbeiten oder komplette Dachsanierung:&nbsp; Wir sind Ihr zuverl\u00e4ssiger Ansprechpartner&nbsp;mit Sachverstand&nbsp;und Fachwissen&nbsp;nach dem neuesten Stand&nbsp;der Energieeinsparungsverordnung (EnEV).<\/p>\n<p><img decoding=\"async\" loading=\"lazy\" class=\" wp-image-91\" src=\"http:\/\/wp.holzbau-stegmaier.de\/wp-content\/uploads\/2016\/05\/Gerhard_Ausbildung.jpg\" alt=\"Beginn der Lehre zum Zimmermann August 1976\" width=\"320\" height=\"409\" srcset=\"http:\/\/holzbau-stegmaier.de\/wp-content\/uploads\/2016\/05\/Gerhard_Ausbildung.jpg 233w, http:\/\/holzbau-stegmaier.de\/wp-content\/uploads\/2016\/05\/Gerhard_Ausbildung-171x220.jpg 171w\" sizes=\"(max-width: 320px) 100vw, 320px\" \/>&nbsp;Gerhard Stegmaier<\/p>\n<p>Beginn der Lehre zum Zimmermann August 1976<\/p>\n<p><img decoding=\"async\" loading=\"lazy\" class=\"alignnone size-full wp-image-669\" src=\"http:\/\/wp.holzbau-stegmaier.de\/wp-content\/uploads\/2016\/05\/Luftbild.jpg\" alt=\"\" width=\"3590\" height=\"2775\" srcset=\"http:\/\/holzbau-stegmaier.de\/wp-content\/uploads\/2016\/05\/Luftbild.jpg 3590w, http:\/\/holzbau-stegmaier.de\/wp-content\/uploads\/2016\/05\/Luftbild-300x232.jpg 300w, http:\/\/holzbau-stegmaier.de\/wp-content\/uploads\/2016\/05\/Luftbild-768x594.jpg 768w, http:\/\/holzbau-stegmaier.de\/wp-content\/uploads\/2016\/05\/Luftbild-1024x792.jpg 1024w\" sizes=\"(max-width: 3590px) 100vw, 3590px\" \/><\/p>\n<p><\/p>\n<p><\/p>\n<p><\/p>\n\n\n<div class=\"wp-block-button is-style-squared\"><a class=\"wp-block-button__link has-text-color has-vivid-cyan-blue-color has-background has-very-light-gray-background-color\" href=\"http:\/\/holzbau-stegmaier.de\/\">zur\u00fcck<br><\/a><\/div>\n","protected":false},"excerpt":{"rendered":"<p>Seit&nbsp;der Gr\u00fcndung am 01. September 1991, steht Holzbau Stegmaier f\u00fcr&nbsp;Qualit\u00e4t&nbsp;auf den D\u00e4chern der Region und dar\u00fcber hinaus. Egal ob kleine Reparaturarbeiten oder komplette Dachsanierung:&nbsp; Wir sind Ihr zuverl\u00e4ssiger Ansprechpartner&nbsp;mit Sachverstand&nbsp;und Fachwissen&nbsp;nach dem neuesten Stand&nbsp;der Energieeinsparungsverordnung (EnEV). &nbsp;Gerhard Stegmaier Beginn der Lehre zum Zimmermann August 1976<\/p>\n","protected":false},"author":1,"featured_media":0,"parent":2,"menu_order":0,"comment_status":"closed","ping_status":"closed","template":"template-full.php","meta":[],"_links":{"self":[{"href":"http:\/\/holzbau-stegmaier.de\/index.php?rest_route=\/wp\/v2\/pages\/59"}],"collection":[{"href":"http:\/\/holzbau-stegmaier.de\/index.php?rest_route=\/wp\/v2\/pages"}],"about":[{"href":"http:\/\/holzbau-stegmaier.de\/index.php?rest_route=\/wp\/v2\/types\/page"}],"author":[{"embeddable":true,"href":"http:\/\/holzbau-stegmaier.de\/index.php?rest_route=\/wp\/v2\/users\/1"}],"replies":[{"embeddable":true,"href":"http:\/\/holzbau-stegmaier.de\/index.php?rest_route=%2Fwp%2Fv2%2Fcomments&post=59"}],"version-history":[{"count":27,"href":"http:\/\/holzbau-stegmaier.de\/index.php?rest_route=\/wp\/v2\/pages\/59\/revisions"}],"predecessor-version":[{"id":836,"href":"http:\/\/holzbau-stegmaier.de\/index.php?rest_route=\/wp\/v2\/pages\/59\/revisions\/836"}],"up":[{"embeddable":true,"href":"http:\/\/holzbau-stegmaier.de\/index.php?rest_route=\/wp\/v2\/pages\/2"}],"wp:attachment":[{"href":"http:\/\/holzbau-stegmaier.de\/index.php?rest_route=%2Fwp%2Fv2%2Fmedia&parent=59"}],"curies":[{"name":"wp","href":"https:\/\/api.w.org\/{rel}","templated":true}]}}