{"id":580,"date":"2017-02-06T13:00:14","date_gmt":"2017-02-06T13:00:14","guid":{"rendered":"http:\/\/wp.holzbau-stegmaier.de\/?page_id=580"},"modified":"2019-02-10T20:27:09","modified_gmt":"2019-02-10T20:27:09","slug":"holzhausstaenderbau","status":"publish","type":"page","link":"http:\/\/holzbau-stegmaier.de\/?page_id=580","title":{"rendered":"Holzhaus\/St\u00e4nderbau"},"content":{"rendered":"<p>Die St\u00e4nderbauweise : Holzh\u00e4user in St\u00e4ndebauweise, &nbsp;s\u00e4mtliche Arbeiten von der Planung bis zum Innenausbau werden von uns durchgef\u00fchrt.<img decoding=\"async\" loading=\"lazy\" class=\"wp-image-481 aligncenter\" src=\"http:\/\/wp.holzbau-stegmaier.de\/wp-content\/uploads\/2017\/01\/Staenderbau1-293x300.jpg\" alt=\"\" width=\"602\" height=\"616\" srcset=\"http:\/\/holzbau-stegmaier.de\/wp-content\/uploads\/2017\/01\/Staenderbau1-293x300.jpg 293w, http:\/\/holzbau-stegmaier.de\/wp-content\/uploads\/2017\/01\/Staenderbau1-768x787.jpg 768w, http:\/\/holzbau-stegmaier.de\/wp-content\/uploads\/2017\/01\/Staenderbau1-999x1024.jpg 999w\" sizes=\"(max-width: 602px) 100vw, 602px\" \/><\/p>\n<p>Die St\u00e4nderbauweise&nbsp;&nbsp;ist eine der grundlegenden Bauweisen f\u00fcr Holzh\u00e4user.&nbsp;Hierbei werden&nbsp;sogenannte St\u00e4nder- bzw. Skelettbauten aus Holz von der Schwelle bis zum Dach errichtet, welche als tragendes System Abstand zwischen den einzelnen St\u00e4ndern einhalten,&nbsp;was dem Bauwerk&nbsp;eine besonders stabile Statik verleiht.<img decoding=\"async\" loading=\"lazy\" class=\"wp-image-467 aligncenter\" src=\"http:\/\/wp.holzbau-stegmaier.de\/wp-content\/uploads\/2017\/01\/Haus2-264x300.jpg\" alt=\"\" width=\"541\" height=\"614\" srcset=\"http:\/\/holzbau-stegmaier.de\/wp-content\/uploads\/2017\/01\/Haus2-264x300.jpg 264w, http:\/\/holzbau-stegmaier.de\/wp-content\/uploads\/2017\/01\/Haus2-768x871.jpg 768w, http:\/\/holzbau-stegmaier.de\/wp-content\/uploads\/2017\/01\/Haus2-903x1024.jpg 903w, http:\/\/holzbau-stegmaier.de\/wp-content\/uploads\/2017\/01\/Haus2.jpg 1713w\" sizes=\"(max-width: 541px) 100vw, 541px\" \/><\/p>\n<p>Die St\u00e4nderbauweise gliedert sich in zwei verschiedene Systeme auf: Dem Bohlenst\u00e4nderbau und dem Blockst\u00e4nderbau.<\/p>\n<p>Bei einem Bohlenst\u00e4nderbau werden mit Hilfe einer Nut waagrechte Bretter und Bohlen zwischen die tragenden St\u00e4nder angebracht.<br>Einen Blockst\u00e4nderbau hingegen erkennt man an den 10-12 cm dicken Blockh\u00f6lzern, die nahezu b\u00fcndig zwischen die tragenden Elemente des St\u00e4nder-Skelettes angebracht werden. Heutzutage finden sich zahlreiche moderne Fertigbausysteme f\u00fcr beide Arten der St\u00e4nderbauweise.<\/p>\n<p><\/p>\n<p><img decoding=\"async\" loading=\"lazy\" class=\"alignnone wp-image-465 size-full\" src=\"http:\/\/wp.holzbau-stegmaier.de\/wp-content\/uploads\/2017\/01\/Halle3-e1488052922112.jpg\" width=\"1951\" height=\"970\" srcset=\"http:\/\/holzbau-stegmaier.de\/wp-content\/uploads\/2017\/01\/Halle3-e1488052922112.jpg 1951w, http:\/\/holzbau-stegmaier.de\/wp-content\/uploads\/2017\/01\/Halle3-e1488052922112-300x149.jpg 300w, http:\/\/holzbau-stegmaier.de\/wp-content\/uploads\/2017\/01\/Halle3-e1488052922112-768x382.jpg 768w, http:\/\/holzbau-stegmaier.de\/wp-content\/uploads\/2017\/01\/Halle3-e1488052922112-1024x509.jpg 1024w\" sizes=\"(max-width: 1951px) 100vw, 1951px\" \/><\/p>\n<p><\/p>\n\n\n<div class=\"wp-block-button is-style-squared\"><a class=\"wp-block-button__link has-text-color has-vivid-cyan-blue-color has-background has-very-light-gray-background-color\" href=\"http:\/\/holzbau-stegmaier.de\/?page_id=219\">zur\u00fcck<\/a><\/div>\n","protected":false},"excerpt":{"rendered":"<p>Die St\u00e4nderbauweise : Holzh\u00e4user in St\u00e4ndebauweise, &nbsp;s\u00e4mtliche Arbeiten von der Planung bis zum Innenausbau werden von uns durchgef\u00fchrt. Die St\u00e4nderbauweise&nbsp;&nbsp;ist eine der grundlegenden Bauweisen f\u00fcr Holzh\u00e4user.&nbsp;Hierbei werden&nbsp;sogenannte St\u00e4nder- bzw. Skelettbauten aus Holz von der Schwelle bis zum Dach errichtet, welche als tragendes System Abstand zwischen den einzelnen St\u00e4ndern einhalten,&nbsp;was dem Bauwerk&nbsp;eine besonders stabile Statik verleiht. [&hellip;]<\/p>\n","protected":false},"author":1,"featured_media":0,"parent":0,"menu_order":0,"comment_status":"closed","ping_status":"closed","template":"","meta":[],"_links":{"self":[{"href":"http:\/\/holzbau-stegmaier.de\/index.php?rest_route=\/wp\/v2\/pages\/580"}],"collection":[{"href":"http:\/\/holzbau-stegmaier.de\/index.php?rest_route=\/wp\/v2\/pages"}],"about":[{"href":"http:\/\/holzbau-stegmaier.de\/index.php?rest_route=\/wp\/v2\/types\/page"}],"author":[{"embeddable":true,"href":"http:\/\/holzbau-stegmaier.de\/index.php?rest_route=\/wp\/v2\/users\/1"}],"replies":[{"embeddable":true,"href":"http:\/\/holzbau-stegmaier.de\/index.php?rest_route=%2Fwp%2Fv2%2Fcomments&post=580"}],"version-history":[{"count":18,"href":"http:\/\/holzbau-stegmaier.de\/index.php?rest_route=\/wp\/v2\/pages\/580\/revisions"}],"predecessor-version":[{"id":853,"href":"http:\/\/holzbau-stegmaier.de\/index.php?rest_route=\/wp\/v2\/pages\/580\/revisions\/853"}],"wp:attachment":[{"href":"http:\/\/holzbau-stegmaier.de\/index.php?rest_route=%2Fwp%2Fv2%2Fmedia&parent=580"}],"curies":[{"name":"wp","href":"https:\/\/api.w.org\/{rel}","templated":true}]}}