{"id":508,"date":"2017-02-06T10:57:58","date_gmt":"2017-02-06T10:57:58","guid":{"rendered":"http:\/\/wp.holzbau-stegmaier.de\/?page_id=508"},"modified":"2019-02-10T20:28:06","modified_gmt":"2019-02-10T20:28:06","slug":"dachfenster","status":"publish","type":"page","link":"http:\/\/holzbau-stegmaier.de\/?page_id=508","title":{"rendered":"Dachfenster"},"content":{"rendered":"<p>Dachfenster<\/p>\n<p><img decoding=\"async\" loading=\"lazy\" class=\"alignleft size-medium wp-image-457\" src=\"http:\/\/wp.holzbau-stegmaier.de\/wp-content\/uploads\/2017\/01\/Dachfenster_1-300x218.jpg\" alt=\"\" width=\"300\" height=\"218\" srcset=\"http:\/\/holzbau-stegmaier.de\/wp-content\/uploads\/2017\/01\/Dachfenster_1-300x218.jpg 300w, http:\/\/holzbau-stegmaier.de\/wp-content\/uploads\/2017\/01\/Dachfenster_1-768x558.jpg 768w, http:\/\/holzbau-stegmaier.de\/wp-content\/uploads\/2017\/01\/Dachfenster_1-1024x744.jpg 1024w, http:\/\/holzbau-stegmaier.de\/wp-content\/uploads\/2017\/01\/Dachfenster_1.jpg 1377w\" sizes=\"(max-width: 300px) 100vw, 300px\" \/><\/p>\n<p><\/p>\n<p><\/p>\n<p><\/p>\n<p><\/p>\n<p><\/p>\n<p><\/p>\n<p><img decoding=\"async\" loading=\"lazy\" class=\"alignleft size-medium wp-image-458\" src=\"http:\/\/wp.holzbau-stegmaier.de\/wp-content\/uploads\/2017\/01\/Dachfenster_2-300x236.jpg\" alt=\"\" width=\"300\" height=\"236\" srcset=\"http:\/\/holzbau-stegmaier.de\/wp-content\/uploads\/2017\/01\/Dachfenster_2-300x236.jpg 300w, http:\/\/holzbau-stegmaier.de\/wp-content\/uploads\/2017\/01\/Dachfenster_2-768x603.jpg 768w, http:\/\/holzbau-stegmaier.de\/wp-content\/uploads\/2017\/01\/Dachfenster_2-1024x805.jpg 1024w, http:\/\/holzbau-stegmaier.de\/wp-content\/uploads\/2017\/01\/Dachfenster_2.jpg 1241w\" sizes=\"(max-width: 300px) 100vw, 300px\" \/><\/p>\n<p><\/p>\n<p><\/p>\n<p><\/p>\n<p><\/p>\n<p><\/p>\n<p><\/p>\n<p><\/p>\n<p>z Bsp. von Velux &#8211; Bringt Licht ins Leben Velux &#8211; Ein System voller M\u00f6glichkeiten.<br>In \u00fcber 50 Jahren Forschung und Entwicklung ist aus der einfachen Dachluke ein ausgereiftes Dachfenster<br>entstanden, das in seiner Vielfalt wie auch in qualitativer Hinsicht keine W\u00fcnsche offen l\u00e4sst.<\/p>\n<p><a href=\"http:\/\/wp.holzbau-stegmaier.de\/?page_id=233\">zur\u00fcck<\/a><\/p>\n\n\n<div class=\"wp-block-button is-style-squared\"><a class=\"wp-block-button__link has-text-color has-vivid-cyan-blue-color has-background has-very-light-gray-background-color\" href=\"http:\/\/holzbau-stegmaier.de\/?page_id=219\">zur\u00fcck<\/a><\/div>\n","protected":false},"excerpt":{"rendered":"<p>Dachfenster z Bsp. von Velux &#8211; Bringt Licht ins Leben Velux &#8211; Ein System voller M\u00f6glichkeiten.In \u00fcber 50 Jahren Forschung und Entwicklung ist aus der einfachen Dachluke ein ausgereiftes Dachfensterentstanden, das in seiner Vielfalt wie auch in qualitativer Hinsicht keine W\u00fcnsche offen l\u00e4sst. zur\u00fcck<\/p>\n","protected":false},"author":1,"featured_media":0,"parent":0,"menu_order":0,"comment_status":"closed","ping_status":"closed","template":"","meta":[],"_links":{"self":[{"href":"http:\/\/holzbau-stegmaier.de\/index.php?rest_route=\/wp\/v2\/pages\/508"}],"collection":[{"href":"http:\/\/holzbau-stegmaier.de\/index.php?rest_route=\/wp\/v2\/pages"}],"about":[{"href":"http:\/\/holzbau-stegmaier.de\/index.php?rest_route=\/wp\/v2\/types\/page"}],"author":[{"embeddable":true,"href":"http:\/\/holzbau-stegmaier.de\/index.php?rest_route=\/wp\/v2\/users\/1"}],"replies":[{"embeddable":true,"href":"http:\/\/holzbau-stegmaier.de\/index.php?rest_route=%2Fwp%2Fv2%2Fcomments&post=508"}],"version-history":[{"count":5,"href":"http:\/\/holzbau-stegmaier.de\/index.php?rest_route=\/wp\/v2\/pages\/508\/revisions"}],"predecessor-version":[{"id":856,"href":"http:\/\/holzbau-stegmaier.de\/index.php?rest_route=\/wp\/v2\/pages\/508\/revisions\/856"}],"wp:attachment":[{"href":"http:\/\/holzbau-stegmaier.de\/index.php?rest_route=%2Fwp%2Fv2%2Fmedia&parent=508"}],"curies":[{"name":"wp","href":"https:\/\/api.w.org\/{rel}","templated":true}]}}