{"id":233,"date":"2017-01-29T08:14:27","date_gmt":"2017-01-29T08:14:27","guid":{"rendered":"http:\/\/wp.holzbau-stegmaier.de\/?page_id=233"},"modified":"2019-02-10T20:35:59","modified_gmt":"2019-02-10T20:35:59","slug":"dachsanierung-2","status":"publish","type":"page","link":"http:\/\/holzbau-stegmaier.de\/?page_id=233","title":{"rendered":"Dachsanierung"},"content":{"rendered":"<p>Reparatur und Austausch der Dach-Balken, Latten, Sparren bei Satteld\u00e4chern, Walmd\u00e4cher, Mansarde-D\u00e4cher,\u00a0Einbindung von Gauben und\/ oder Dachterrassen.<\/p>\n<figure id=\"attachment_457\" aria-describedby=\"caption-attachment-457\" style=\"width: 400px\" class=\"wp-caption alignnone\"><img decoding=\"async\" loading=\"lazy\" class=\"wp-image-457\" src=\"http:\/\/wp.holzbau-stegmaier.de\/wp-content\/uploads\/2017\/01\/Dachfenster_1.jpg\" width=\"400\" height=\"291\" srcset=\"http:\/\/holzbau-stegmaier.de\/wp-content\/uploads\/2017\/01\/Dachfenster_1.jpg 1377w, http:\/\/holzbau-stegmaier.de\/wp-content\/uploads\/2017\/01\/Dachfenster_1-300x218.jpg 300w, http:\/\/holzbau-stegmaier.de\/wp-content\/uploads\/2017\/01\/Dachfenster_1-768x558.jpg 768w, http:\/\/holzbau-stegmaier.de\/wp-content\/uploads\/2017\/01\/Dachfenster_1-1024x744.jpg 1024w\" sizes=\"(max-width: 400px) 100vw, 400px\" \/><figcaption id=\"caption-attachment-457\" class=\"wp-caption-text\">Einbau von Dachfenstern<\/figcaption><\/figure>\n<p>\u00a0<\/p>\n<figure id=\"attachment_703\" aria-describedby=\"caption-attachment-703\" style=\"width: 398px\" class=\"wp-caption alignnone\"><img decoding=\"async\" loading=\"lazy\" class=\"wp-image-703\" src=\"http:\/\/wp.holzbau-stegmaier.de\/wp-content\/uploads\/2017\/01\/AusbauSignatur.jpg\" width=\"398\" height=\"447\" srcset=\"http:\/\/holzbau-stegmaier.de\/wp-content\/uploads\/2017\/01\/AusbauSignatur.jpg 694w, http:\/\/holzbau-stegmaier.de\/wp-content\/uploads\/2017\/01\/AusbauSignatur-267x300.jpg 267w\" sizes=\"(max-width: 398px) 100vw, 398px\" \/><figcaption id=\"caption-attachment-703\" class=\"wp-caption-text\">www.velux.de \u00a92015 VELUX Gruppe<\/figcaption><\/figure>\n<figure id=\"attachment_242\" aria-describedby=\"caption-attachment-242\" style=\"width: 548px\" class=\"wp-caption alignnone\"><img decoding=\"async\" loading=\"lazy\" class=\"wp-image-242\" src=\"http:\/\/wp.holzbau-stegmaier.de\/wp-content\/uploads\/2016\/05\/cropped-Bild_Holzbau_Stegmaier_wws10-1.jpg\" width=\"548\" height=\"308\" srcset=\"http:\/\/holzbau-stegmaier.de\/wp-content\/uploads\/2016\/05\/cropped-Bild_Holzbau_Stegmaier_wws10-1.jpg 1920w, http:\/\/holzbau-stegmaier.de\/wp-content\/uploads\/2016\/05\/cropped-Bild_Holzbau_Stegmaier_wws10-1-300x169.jpg 300w, http:\/\/holzbau-stegmaier.de\/wp-content\/uploads\/2016\/05\/cropped-Bild_Holzbau_Stegmaier_wws10-1-768x432.jpg 768w, http:\/\/holzbau-stegmaier.de\/wp-content\/uploads\/2016\/05\/cropped-Bild_Holzbau_Stegmaier_wws10-1-1024x576.jpg 1024w, http:\/\/holzbau-stegmaier.de\/wp-content\/uploads\/2016\/05\/cropped-Bild_Holzbau_Stegmaier_wws10-1-830x467.jpg 830w, http:\/\/holzbau-stegmaier.de\/wp-content\/uploads\/2016\/05\/cropped-Bild_Holzbau_Stegmaier_wws10-1-230x129.jpg 230w, http:\/\/holzbau-stegmaier.de\/wp-content\/uploads\/2016\/05\/cropped-Bild_Holzbau_Stegmaier_wws10-1-350x197.jpg 350w, http:\/\/holzbau-stegmaier.de\/wp-content\/uploads\/2016\/05\/cropped-Bild_Holzbau_Stegmaier_wws10-1-480x270.jpg 480w\" sizes=\"(max-width: 548px) 100vw, 548px\" \/><figcaption id=\"caption-attachment-242\" class=\"wp-caption-text\">Erneuern und umdecken von D\u00e4chern<\/figcaption><\/figure>\n<figure id=\"attachment_269\" aria-describedby=\"caption-attachment-269\" style=\"width: 546px\" class=\"wp-caption alignnone\"><img decoding=\"async\" loading=\"lazy\" class=\"wp-image-269\" src=\"http:\/\/wp.holzbau-stegmaier.de\/wp-content\/uploads\/2016\/05\/cropped-Bild_Holzbau_Stegmaier_wws4.jpg\" width=\"546\" height=\"307\" srcset=\"http:\/\/holzbau-stegmaier.de\/wp-content\/uploads\/2016\/05\/cropped-Bild_Holzbau_Stegmaier_wws4.jpg 1920w, http:\/\/holzbau-stegmaier.de\/wp-content\/uploads\/2016\/05\/cropped-Bild_Holzbau_Stegmaier_wws4-300x169.jpg 300w, http:\/\/holzbau-stegmaier.de\/wp-content\/uploads\/2016\/05\/cropped-Bild_Holzbau_Stegmaier_wws4-768x432.jpg 768w, http:\/\/holzbau-stegmaier.de\/wp-content\/uploads\/2016\/05\/cropped-Bild_Holzbau_Stegmaier_wws4-1024x576.jpg 1024w, http:\/\/holzbau-stegmaier.de\/wp-content\/uploads\/2016\/05\/cropped-Bild_Holzbau_Stegmaier_wws4-830x467.jpg 830w, http:\/\/holzbau-stegmaier.de\/wp-content\/uploads\/2016\/05\/cropped-Bild_Holzbau_Stegmaier_wws4-230x129.jpg 230w, http:\/\/holzbau-stegmaier.de\/wp-content\/uploads\/2016\/05\/cropped-Bild_Holzbau_Stegmaier_wws4-350x197.jpg 350w, http:\/\/holzbau-stegmaier.de\/wp-content\/uploads\/2016\/05\/cropped-Bild_Holzbau_Stegmaier_wws4-480x270.jpg 480w\" sizes=\"(max-width: 546px) 100vw, 546px\" \/><figcaption id=\"caption-attachment-269\" class=\"wp-caption-text\">W\u00e4rmed\u00e4mmung und Energiesparmassnahmen<\/figcaption><\/figure>\n<figure id=\"attachment_478\" aria-describedby=\"caption-attachment-478\" style=\"width: 550px\" class=\"wp-caption alignnone\"><img decoding=\"async\" loading=\"lazy\" class=\"wp-image-478 \" src=\"http:\/\/wp.holzbau-stegmaier.de\/wp-content\/uploads\/2017\/01\/Kapelle_Renov.jpg\" width=\"550\" height=\"418\" srcset=\"http:\/\/holzbau-stegmaier.de\/wp-content\/uploads\/2017\/01\/Kapelle_Renov.jpg 1322w, http:\/\/holzbau-stegmaier.de\/wp-content\/uploads\/2017\/01\/Kapelle_Renov-300x228.jpg 300w, http:\/\/holzbau-stegmaier.de\/wp-content\/uploads\/2017\/01\/Kapelle_Renov-768x583.jpg 768w, http:\/\/holzbau-stegmaier.de\/wp-content\/uploads\/2017\/01\/Kapelle_Renov-1024x778.jpg 1024w\" sizes=\"(max-width: 550px) 100vw, 550px\" \/><figcaption id=\"caption-attachment-478\" class=\"wp-caption-text\">Denkmalpflege \/ Kapelle in Aalen-M\u00e4dle erneuert 2007<\/figcaption><\/figure>\n<p>\u00a0<\/p>\n<p>\u00a0<\/p>\n<figure id=\"attachment_486\" aria-describedby=\"caption-attachment-486\" style=\"width: 300px\" class=\"wp-caption alignleft\"><img decoding=\"async\" loading=\"lazy\" class=\"wp-image-486 size-medium\" src=\"http:\/\/wp.holzbau-stegmaier.de\/wp-content\/uploads\/2017\/01\/Schlossscheune-300x200.jpg\" width=\"300\" height=\"200\" srcset=\"http:\/\/holzbau-stegmaier.de\/wp-content\/uploads\/2017\/01\/Schlossscheune-300x200.jpg 300w, http:\/\/holzbau-stegmaier.de\/wp-content\/uploads\/2017\/01\/Schlossscheune-768x513.jpg 768w, http:\/\/holzbau-stegmaier.de\/wp-content\/uploads\/2017\/01\/Schlossscheune.jpg 800w\" sizes=\"(max-width: 300px) 100vw, 300px\" \/><figcaption id=\"caption-attachment-486\" class=\"wp-caption-text\">Altbausanierung \/ Schlossscheune Essingen<\/figcaption><\/figure>\n<figure id=\"attachment_487\" aria-describedby=\"caption-attachment-487\" style=\"width: 300px\" class=\"wp-caption alignleft\"><a href=\"http:\/\/wp.holzbau-stegmaier.de\/?page_id=219\"><img decoding=\"async\" loading=\"lazy\" class=\"wp-image-487 size-medium\" src=\"http:\/\/wp.holzbau-stegmaier.de\/wp-content\/uploads\/2017\/01\/Schlossscheune2-300x200.jpg\" width=\"300\" height=\"200\" srcset=\"http:\/\/holzbau-stegmaier.de\/wp-content\/uploads\/2017\/01\/Schlossscheune2-300x200.jpg 300w, http:\/\/holzbau-stegmaier.de\/wp-content\/uploads\/2017\/01\/Schlossscheune2-768x513.jpg 768w, http:\/\/holzbau-stegmaier.de\/wp-content\/uploads\/2017\/01\/Schlossscheune2.jpg 800w\" sizes=\"(max-width: 300px) 100vw, 300px\" \/><\/a><figcaption id=\"caption-attachment-487\" class=\"wp-caption-text\">Altbausanierung \/ Schlossscheune Essingen<\/figcaption><\/figure>\n<p>\u00a0<\/p>\n<p>\u00a0<\/p>\n<p>\u00a0<\/p>\n<p>\u00a0<\/p>\n<p>\u00a0<\/p>\n<p>\u00a0<\/p>\n<p>\u00a0<\/p>\n<p>\u00a0<\/p>\n\n\n<div class=\"wp-block-button is-style-squared\"><a class=\"wp-block-button__link has-text-color has-vivid-cyan-blue-color has-background has-very-light-gray-background-color\" href=\"http:\/\/holzbau-stegmaier.de\/?page_id=219\">zur\u00fcck<\/a><\/div>\n","protected":false},"excerpt":{"rendered":"<p>Reparatur und Austausch der Dach-Balken, Latten, Sparren bei Satteld\u00e4chern, Walmd\u00e4cher, Mansarde-D\u00e4cher,\u00a0Einbindung von Gauben und\/ oder Dachterrassen. \u00a0 \u00a0 \u00a0 \u00a0 \u00a0 \u00a0 \u00a0 \u00a0 \u00a0 \u00a0 \u00a0<\/p>\n","protected":false},"author":1,"featured_media":0,"parent":0,"menu_order":0,"comment_status":"closed","ping_status":"closed","template":"template-full.php","meta":[],"_links":{"self":[{"href":"http:\/\/holzbau-stegmaier.de\/index.php?rest_route=\/wp\/v2\/pages\/233"}],"collection":[{"href":"http:\/\/holzbau-stegmaier.de\/index.php?rest_route=\/wp\/v2\/pages"}],"about":[{"href":"http:\/\/holzbau-stegmaier.de\/index.php?rest_route=\/wp\/v2\/types\/page"}],"author":[{"embeddable":true,"href":"http:\/\/holzbau-stegmaier.de\/index.php?rest_route=\/wp\/v2\/users\/1"}],"replies":[{"embeddable":true,"href":"http:\/\/holzbau-stegmaier.de\/index.php?rest_route=%2Fwp%2Fv2%2Fcomments&post=233"}],"version-history":[{"count":36,"href":"http:\/\/holzbau-stegmaier.de\/index.php?rest_route=\/wp\/v2\/pages\/233\/revisions"}],"predecessor-version":[{"id":860,"href":"http:\/\/holzbau-stegmaier.de\/index.php?rest_route=\/wp\/v2\/pages\/233\/revisions\/860"}],"wp:attachment":[{"href":"http:\/\/holzbau-stegmaier.de\/index.php?rest_route=%2Fwp%2Fv2%2Fmedia&parent=233"}],"curies":[{"name":"wp","href":"https:\/\/api.w.org\/{rel}","templated":true}]}}