{"id":226,"date":"2017-01-29T08:09:31","date_gmt":"2017-01-29T08:09:31","guid":{"rendered":"http:\/\/wp.holzbau-stegmaier.de\/?page_id=226"},"modified":"2019-02-10T20:26:37","modified_gmt":"2019-02-10T20:26:37","slug":"holzbauarbeiten-2","status":"publish","type":"page","link":"http:\/\/holzbau-stegmaier.de\/?page_id=226","title":{"rendered":"Holzbauarbeiten"},"content":{"rendered":"<p>Holzbauarbeiten:<\/p>\n<p>Wir entwerfen, planen und bauen f\u00fcr Sie, nat\u00fcrlich nach Ihren W\u00fcnschen&nbsp;:<\/p>\n<p><strong>Aufstockungen,<\/strong>&nbsp;<strong><span style=\"font-size: 16px;\">Dachgauben,&nbsp;<\/span><\/strong><strong>Dachterassen,&nbsp;<\/strong><strong>Winterg\u00e4rten,&nbsp;<\/strong><strong>Holztreppen,&nbsp;<\/strong><strong>Holzterassen,&nbsp;<\/strong><strong>Carport, individuelle Holzbauarbeiten.<\/strong><\/p>\n<p><img decoding=\"async\" loading=\"lazy\" class=\"alignnone size-medium wp-image-455\" src=\"http:\/\/wp.holzbau-stegmaier.de\/wp-content\/uploads\/2017\/01\/Balkonbelag-168x300.jpg\" alt=\"\" width=\"168\" height=\"300\" srcset=\"http:\/\/holzbau-stegmaier.de\/wp-content\/uploads\/2017\/01\/Balkonbelag-168x300.jpg 168w, http:\/\/holzbau-stegmaier.de\/wp-content\/uploads\/2017\/01\/Balkonbelag-573x1024.jpg 573w, http:\/\/holzbau-stegmaier.de\/wp-content\/uploads\/2017\/01\/Balkonbelag.jpg 588w\" sizes=\"(max-width: 168px) 100vw, 168px\" \/><img decoding=\"async\" loading=\"lazy\" class=\"alignnone size-medium wp-image-469\" src=\"http:\/\/wp.holzbau-stegmaier.de\/wp-content\/uploads\/2017\/01\/HaustuerVordach-150x300.jpg\" alt=\"\" width=\"150\" height=\"300\" srcset=\"http:\/\/holzbau-stegmaier.de\/wp-content\/uploads\/2017\/01\/HaustuerVordach-150x300.jpg 150w, http:\/\/holzbau-stegmaier.de\/wp-content\/uploads\/2017\/01\/HaustuerVordach-768x1531.jpg 768w, http:\/\/holzbau-stegmaier.de\/wp-content\/uploads\/2017\/01\/HaustuerVordach-514x1024.jpg 514w, http:\/\/holzbau-stegmaier.de\/wp-content\/uploads\/2017\/01\/HaustuerVordach.jpg 826w\" sizes=\"(max-width: 150px) 100vw, 150px\" \/><img decoding=\"async\" loading=\"lazy\" class=\"alignnone size-medium wp-image-479\" src=\"http:\/\/wp.holzbau-stegmaier.de\/wp-content\/uploads\/2017\/01\/Pergola-143x300.jpg\" alt=\"\" width=\"143\" height=\"300\" srcset=\"http:\/\/holzbau-stegmaier.de\/wp-content\/uploads\/2017\/01\/Pergola-143x300.jpg 143w, http:\/\/holzbau-stegmaier.de\/wp-content\/uploads\/2017\/01\/Pergola-768x1607.jpg 768w, http:\/\/holzbau-stegmaier.de\/wp-content\/uploads\/2017\/01\/Pergola-489x1024.jpg 489w, http:\/\/holzbau-stegmaier.de\/wp-content\/uploads\/2017\/01\/Pergola.jpg 1033w\" sizes=\"(max-width: 143px) 100vw, 143px\" \/><\/p>\n\n\n<div class=\"wp-block-button is-style-squared\"><a class=\"wp-block-button__link has-text-color has-vivid-cyan-blue-color has-background has-very-light-gray-background-color\" href=\"http:\/\/holzbau-stegmaier.de\/?page_id=219\">zur\u00fcck<\/a><\/div>\n","protected":false},"excerpt":{"rendered":"<p>Holzbauarbeiten: Wir entwerfen, planen und bauen f\u00fcr Sie, nat\u00fcrlich nach Ihren W\u00fcnschen&nbsp;: Aufstockungen,&nbsp;Dachgauben,&nbsp;Dachterassen,&nbsp;Winterg\u00e4rten,&nbsp;Holztreppen,&nbsp;Holzterassen,&nbsp;Carport, individuelle Holzbauarbeiten.<\/p>\n","protected":false},"author":1,"featured_media":0,"parent":0,"menu_order":0,"comment_status":"closed","ping_status":"closed","template":"template-full.php","meta":[],"_links":{"self":[{"href":"http:\/\/holzbau-stegmaier.de\/index.php?rest_route=\/wp\/v2\/pages\/226"}],"collection":[{"href":"http:\/\/holzbau-stegmaier.de\/index.php?rest_route=\/wp\/v2\/pages"}],"about":[{"href":"http:\/\/holzbau-stegmaier.de\/index.php?rest_route=\/wp\/v2\/types\/page"}],"author":[{"embeddable":true,"href":"http:\/\/holzbau-stegmaier.de\/index.php?rest_route=\/wp\/v2\/users\/1"}],"replies":[{"embeddable":true,"href":"http:\/\/holzbau-stegmaier.de\/index.php?rest_route=%2Fwp%2Fv2%2Fcomments&post=226"}],"version-history":[{"count":20,"href":"http:\/\/holzbau-stegmaier.de\/index.php?rest_route=\/wp\/v2\/pages\/226\/revisions"}],"predecessor-version":[{"id":852,"href":"http:\/\/holzbau-stegmaier.de\/index.php?rest_route=\/wp\/v2\/pages\/226\/revisions\/852"}],"wp:attachment":[{"href":"http:\/\/holzbau-stegmaier.de\/index.php?rest_route=%2Fwp%2Fv2%2Fmedia&parent=226"}],"curies":[{"name":"wp","href":"https:\/\/api.w.org\/{rel}","templated":true}]}}